{"id":1610,"date":"2022-07-05T10:00:52","date_gmt":"2022-07-05T10:00:52","guid":{"rendered":"https:\/\/autismoge.org\/?page_id=1610"},"modified":"2022-09-04T17:50:28","modified_gmt":"2022-09-04T17:50:28","slug":"formaciones","status":"publish","type":"page","link":"https:\/\/autismoge.org\/index.php\/formaciones\/","title":{"rendered":"priemer ciclo de formaci\u00f3n ABA"},"content":{"rendered":"\t\t<div data-elementor-type=\"wp-page\" data-elementor-id=\"1610\" class=\"elementor elementor-1610\">\n\t\t\t\t\t\t<section class=\"elementor-section elementor-top-section elementor-element elementor-element-daa53c3 elementor-section-full_width elementor-section-stretched elementor-section-height-default elementor-section-height-default\" data-id=\"daa53c3\" data-element_type=\"section\" data-e-type=\"section\" data-settings=\"{&quot;stretch_section&quot;:&quot;section-stretched&quot;,&quot;background_background&quot;:&quot;classic&quot;,&quot;shape_divider_bottom&quot;:&quot;opacity-tilt&quot;}\">\n\t\t\t\t\t<div class=\"elementor-shape elementor-shape-bottom\" aria-hidden=\"true\" data-negative=\"false\">\n\t\t\t<svg xmlns=\"http:\/\/www.w3.org\/2000\/svg\" viewBox=\"0 0 2600 131.1\" preserveAspectRatio=\"none\">\n\t<path class=\"elementor-shape-fill\" d=\"M0 0L2600 0 2600 69.1 0 0z\"\/>\n\t<path class=\"elementor-shape-fill\" style=\"opacity:0.5\" d=\"M0 0L2600 0 2600 69.1 0 69.1z\"\/>\n\t<path class=\"elementor-shape-fill\" style=\"opacity:0.25\" d=\"M2600 0L0 0 0 130.1 2600 69.1z\"\/>\n<\/svg>\t\t<\/div>\n\t\t\t\t\t<div class=\"elementor-container elementor-column-gap-default\">\n\t\t\t\t\t<div class=\"aux-parallax-section elementor-column elementor-col-100 elementor-top-column elementor-element elementor-element-88a1c36\" data-id=\"88a1c36\" data-element_type=\"column\" data-e-type=\"column\" data-settings=\"{&quot;background_background&quot;:&quot;classic&quot;}\">\n\t\t\t<div class=\"elementor-widget-wrap elementor-element-populated\">\n\t\t\t\t\t\t<div class=\"elementor-element elementor-element-a8431ff elementor-widget elementor-widget-heading\" data-id=\"a8431ff\" data-element_type=\"widget\" data-e-type=\"widget\" data-widget_type=\"heading.default\">\n\t\t\t\t<div class=\"elementor-widget-container\">\n\t\t\t\t\t<h1 class=\"elementor-heading-title elementor-size-default\">Primer ciclo de formaci\u00f3n ABA<\/h1>\t\t\t\t<\/div>\n\t\t\t\t<\/div>\n\t\t\t\t\t<\/div>\n\t\t<\/div>\n\t\t\t\t\t<\/div>\n\t\t<\/section>\n\t\t\t\t<section class=\"elementor-section elementor-top-section elementor-element elementor-element-dd46dc3 elementor-section-boxed elementor-section-height-default elementor-section-height-default\" data-id=\"dd46dc3\" data-element_type=\"section\" data-e-type=\"section\" data-settings=\"{&quot;background_background&quot;:&quot;classic&quot;}\">\n\t\t\t\t\t\t<div class=\"elementor-container elementor-column-gap-default\">\n\t\t\t\t\t<div class=\"aux-parallax-section elementor-column elementor-col-50 elementor-top-column elementor-element elementor-element-ce8278f\" data-id=\"ce8278f\" data-element_type=\"column\" data-e-type=\"column\" data-settings=\"{&quot;background_background&quot;:&quot;classic&quot;}\">\n\t\t\t<div class=\"elementor-widget-wrap elementor-element-populated\">\n\t\t\t\t\t\t<div class=\"elementor-element elementor-element-d669ec8 elementor-widget elementor-widget-text-editor\" data-id=\"d669ec8\" data-element_type=\"widget\" data-e-type=\"widget\" data-widget_type=\"text-editor.default\">\n\t\t\t\t<div class=\"elementor-widget-container\">\n\t\t\t\t\t\t\t\t\t<p>Autismo Guinea Ecuatorial \ud83c\uddec\ud83c\uddf6 lanza su primer ciclo de formaci\u00f3n en ABA, orientado para docentes, estudiantes, padres y guardianes de ni\u00f1os con necesidades especiales.<\/p>\t\t\t\t\t\t\t\t<\/div>\n\t\t\t\t<\/div>\n\t\t\t\t<div class=\"elementor-element elementor-element-99466df elementor-widget elementor-widget-text-editor\" data-id=\"99466df\" data-element_type=\"widget\" data-e-type=\"widget\" data-widget_type=\"text-editor.default\">\n\t\t\t\t<div class=\"elementor-widget-container\">\n\t\t\t\t\t\t\t\t\t<p>ABA, o An\u00e1lisis de comportamiento aplicado, es considerado por muchos como la intervenci\u00f3n est\u00e1ndar de oro para ense\u00f1ar a las personas con trastorno del espectro autista.<\/p>\n<p>Ya puedes habilitar aulas de educaci\u00f3n especial en sus centros para el curso 2022-2023.<\/p>\n<p>Para m\u00e1s informaci\u00f3n puede contactarnos:<\/p>\n<p>Sede Provisional: <br>Colegio Mar\u00eda CANO<\/p>\n<p>&#8211; Web: www.autismoge.org <br>-Tel: +240 222 471 063\/\/222744507<br>&#8211; Facebook, IG, Twitter y LinkedIn<\/p>\n<p><a href=\"https:\/\/www.instagram.com\/tv\/CfmF_ZhoFmp\/?igshid=MDJmNzVkMjY=\" target=\"_blank\">https:\/\/www.instagram.com\/tv\/CfmF_ZhoFmp\/?igshid=MDJmNzVkMjY=<\/a><br><\/p>\t\t\t\t\t\t\t\t<\/div>\n\t\t\t\t<\/div>\n\t\t\t\t\t<\/div>\n\t\t<\/div>\n\t\t\t\t<div class=\"aux-parallax-section elementor-column elementor-col-50 elementor-top-column elementor-element elementor-element-b85d5d5\" data-id=\"b85d5d5\" data-element_type=\"column\" data-e-type=\"column\">\n\t\t\t<div class=\"elementor-widget-wrap elementor-element-populated\">\n\t\t\t\t\t\t<div class=\"elementor-element elementor-element-4979bcf elementor-widget elementor-widget-image\" data-id=\"4979bcf\" data-element_type=\"widget\" data-e-type=\"widget\" data-widget_type=\"image.default\">\n\t\t\t\t<div class=\"elementor-widget-container\">\n\t\t\t\t\t\t\t\t\t\t\t\t\t\t\t<img fetchpriority=\"high\" decoding=\"async\" width=\"1024\" height=\"1024\" src=\"https:\/\/autismoge.org\/wp-content\/uploads\/2022\/07\/4187132_16545-1024x1024.jpg\" class=\"attachment-large size-large wp-image-1620\" alt=\"\" srcset=\"https:\/\/autismoge.org\/wp-content\/uploads\/2022\/07\/4187132_16545-1024x1024.jpg 1024w, https:\/\/autismoge.org\/wp-content\/uploads\/2022\/07\/4187132_16545-300x300.jpg 300w, https:\/\/autismoge.org\/wp-content\/uploads\/2022\/07\/4187132_16545-150x150.jpg 150w, https:\/\/autismoge.org\/wp-content\/uploads\/2022\/07\/4187132_16545-768x768.jpg 768w, https:\/\/autismoge.org\/wp-content\/uploads\/2022\/07\/4187132_16545-1536x1536.jpg 1536w, https:\/\/autismoge.org\/wp-content\/uploads\/2022\/07\/4187132_16545-2048x2048.jpg 2048w\" sizes=\"(max-width: 1024px) 100vw, 1024px\" \/>\t\t\t\t\t\t\t\t\t\t\t\t\t\t\t<\/div>\n\t\t\t\t<\/div>\n\t\t\t\t\t<\/div>\n\t\t<\/div>\n\t\t\t\t\t<\/div>\n\t\t<\/section>\n\t\t\t\t<section class=\"elementor-section elementor-top-section elementor-element elementor-element-f10e509 elementor-section-boxed elementor-section-height-default elementor-section-height-default\" data-id=\"f10e509\" data-element_type=\"section\" data-e-type=\"section\" data-settings=\"{&quot;background_background&quot;:&quot;classic&quot;}\">\n\t\t\t\t\t\t<div class=\"elementor-container elementor-column-gap-default\">\n\t\t\t\t\t<div class=\"aux-parallax-section elementor-column elementor-col-50 elementor-top-column elementor-element elementor-element-46068d9\" data-id=\"46068d9\" data-element_type=\"column\" data-e-type=\"column\">\n\t\t\t<div class=\"elementor-widget-wrap elementor-element-populated\">\n\t\t\t\t\t\t<div class=\"elementor-element elementor-element-3a7bddf elementor-widget elementor-widget-heading\" data-id=\"3a7bddf\" data-element_type=\"widget\" data-e-type=\"widget\" data-widget_type=\"heading.default\">\n\t\t\t\t<div class=\"elementor-widget-container\">\n\t\t\t\t\t<h2 class=\"elementor-heading-title elementor-size-default\">Reg\u00edstrate<\/h2>\t\t\t\t<\/div>\n\t\t\t\t<\/div>\n\t\t\t\t<div class=\"elementor-element elementor-element-7d4bf88 elementor-widget elementor-widget-shortcode\" data-id=\"7d4bf88\" data-element_type=\"widget\" data-e-type=\"widget\" data-widget_type=\"shortcode.default\">\n\t\t\t\t<div class=\"elementor-widget-container\">\n\t\t\t\t\t\t\t<div class=\"elementor-shortcode\"><div class=\"wpforms-container wpforms-container-full\" id=\"wpforms-1621\"><form id=\"wpforms-form-1621\" class=\"wpforms-validate wpforms-form wpforms-ajax-form\" data-formid=\"1621\" method=\"post\" enctype=\"multipart\/form-data\" action=\"\/index.php\/wp-json\/wp\/v2\/pages\/1610\" data-token=\"4a47c7f85e3e05f1ccbebfff3a25bfad\"><noscript class=\"wpforms-error-noscript\">Por favor, activa JavaScript en tu navegador para completar este formulario.<\/noscript><div class=\"wpforms-field-container\"><div id=\"wpforms-1621-field_1-container\" class=\"wpforms-field wpforms-field-name\" data-field-id=\"1\"><label class=\"wpforms-field-label\" for=\"wpforms-1621-field_1\">Nombre <span class=\"wpforms-required-label\">*<\/span><\/label><div class=\"wpforms-field-row wpforms-field-large\"><div class=\"wpforms-field-row-block wpforms-first wpforms-one-half\"><input type=\"text\" id=\"wpforms-1621-field_1\" class=\"wpforms-field-name-first wpforms-field-required\" name=\"wpforms[fields][1][first]\" required><label for=\"wpforms-1621-field_1\" class=\"wpforms-field-sublabel after \">Nombre<\/label><\/div><div class=\"wpforms-field-row-block wpforms-one-half\"><input type=\"text\" id=\"wpforms-1621-field_1-last\" class=\"wpforms-field-name-last wpforms-field-required\" name=\"wpforms[fields][1][last]\" required><label for=\"wpforms-1621-field_1-last\" class=\"wpforms-field-sublabel after \">Apellidos<\/label><\/div><\/div><\/div><div id=\"wpforms-1621-field_3-container\" class=\"wpforms-field wpforms-field-phone\" data-field-id=\"3\"><label class=\"wpforms-field-label\" for=\"wpforms-1621-field_3\">Tel\u00e9fono<\/label><input type=\"tel\" id=\"wpforms-1621-field_3\" class=\"wpforms-field-large wpforms-smart-phone-field\" data-rule-smart-phone-field=\"true\" name=\"wpforms[fields][3]\" ><\/div><div id=\"wpforms-1621-field_2-container\" class=\"wpforms-field wpforms-field-email\" data-field-id=\"2\"><label class=\"wpforms-field-label\" for=\"wpforms-1621-field_2\">Correo electr\u00f3nico <span class=\"wpforms-required-label\">*<\/span><\/label><input type=\"email\" id=\"wpforms-1621-field_2\" class=\"wpforms-field-large wpforms-field-required\" name=\"wpforms[fields][2]\" required><\/div><div id=\"wpforms-1621-field_4-container\" class=\"wpforms-field wpforms-field-payment-select wpforms-field-select-style-modern\" data-field-id=\"4\"><label class=\"wpforms-field-label\" for=\"wpforms-1621-field_4\">Seleccione una opci\u00f3n<\/label><select id=\"wpforms-1621-field_4\" class=\"wpforms-payment-price wpforms-field-large choicesjs-select\" data-size-class=\"wpforms-field-row wpforms-field-large\" data-search-enabled=\"\" name=\"wpforms[fields][4]\"><option value=\"\" class=\"placeholder\" disabled  selected='selected'>Docentes<\/option><option value=\"2\" data-amount=\"25.00\" data-custom-properties=\"25.00\" >Docentes<\/option><option value=\"3\" data-amount=\"50.00\" data-custom-properties=\"50.00\" >Padres o tutores<\/option><option value=\"4\" data-amount=\"0.00\" data-custom-properties=\"0.00\" >Alumno<\/option><option value=\"5\" data-amount=\"0.00\" data-custom-properties=\"0.00\" >Alumno<\/option><\/select><\/div><div id=\"wpforms-1621-field_5-container\" class=\"wpforms-field wpforms-field-payment-select wpforms-field-select-style-modern\" data-field-id=\"5\"><label class=\"wpforms-field-label\" for=\"wpforms-1621-field_5\">Seleccione una opci\u00f3n<\/label><select id=\"wpforms-1621-field_5\" class=\"wpforms-payment-price wpforms-field-large choicesjs-select\" data-size-class=\"wpforms-field-row wpforms-field-large\" data-search-enabled=\"\" name=\"wpforms[fields][5]\"><option value=\"\" class=\"placeholder\" disabled  selected='selected'>Docentes<\/option><option value=\"2\" data-amount=\"25.00\" data-custom-properties=\"25.00\" >Docentes<\/option><option value=\"3\" data-amount=\"50.00\" data-custom-properties=\"50.00\" >Padres o tutores<\/option><option value=\"4\" data-amount=\"0.00\" data-custom-properties=\"0.00\" >Alumno<\/option><option value=\"5\" data-amount=\"0.00\" data-custom-properties=\"0.00\" >Alumno<\/option><\/select><\/div><\/div><div class=\"wpforms-submit-container\"><input type=\"hidden\" name=\"wpforms[id]\" value=\"1621\"><input type=\"hidden\" name=\"wpforms[author]\" value=\"1\"><button type=\"submit\" name=\"wpforms[submit]\" id=\"wpforms-submit-1621\" class=\"wpforms-submit\" data-alt-text=\"Enviando...\" data-submit-text=\"Enviar\" aria-live=\"assertive\" value=\"wpforms-submit\">Enviar<\/button><img decoding=\"async\" src=\"https:\/\/autismoge.org\/wp-content\/plugins\/wpforms\/assets\/images\/submit-spin.svg\" class=\"wpforms-submit-spinner\" style=\"display: none;\" width=\"26\" height=\"26\" alt=\"\"><\/div><\/form><\/div>  <!-- .wpforms-container -->\t<\/div>\n\t\t\t\t\t\t<\/div>\n\t\t\t\t<\/div>\n\t\t\t\t\t<\/div>\n\t\t<\/div>\n\t\t\t\t<div class=\"aux-parallax-section elementor-column elementor-col-50 elementor-top-column elementor-element elementor-element-5aa283d\" data-id=\"5aa283d\" data-element_type=\"column\" data-e-type=\"column\">\n\t\t\t<div class=\"elementor-widget-wrap elementor-element-populated\">\n\t\t\t\t\t\t<div class=\"elementor-element elementor-element-cce9aa7 elementor-widget elementor-widget-video\" data-id=\"cce9aa7\" data-element_type=\"widget\" data-e-type=\"widget\" data-settings=\"{&quot;youtube_url&quot;:&quot;https:\\\/\\\/www.youtube.com\\\/watch?v=cPCAW90avEU&quot;,&quot;video_type&quot;:&quot;youtube&quot;,&quot;controls&quot;:&quot;yes&quot;}\" data-widget_type=\"video.default\">\n\t\t\t\t<div class=\"elementor-widget-container\">\n\t\t\t\t\t\t\t<div class=\"elementor-wrapper elementor-open-inline\">\n\t\t\t<div class=\"elementor-video\"><\/div>\t\t<\/div>\n\t\t\t\t\t\t<\/div>\n\t\t\t\t<\/div>\n\t\t\t\t\t<\/div>\n\t\t<\/div>\n\t\t\t\t\t<\/div>\n\t\t<\/section>\n\t\t\t\t<\/div>\n\t\t","protected":false},"excerpt":{"rendered":"<p>Primer ciclo de formaci\u00f3n ABA Autismo Guinea Ecuatorial \ud83c\uddec\ud83c\uddf6 lanza su primer ciclo de formaci\u00f3n en ABA, orientado para docentes, estudiantes, padres y guardianes de ni\u00f1os con necesidades especiales. ABA, o An\u00e1lisis de comportamiento aplicado, es considerado por muchos como la intervenci\u00f3n est\u00e1ndar de oro para ense\u00f1ar a las personas con trastorno del espectro autista. [&hellip;]<\/p>\n","protected":false},"author":1,"featured_media":0,"parent":0,"menu_order":0,"comment_status":"closed","ping_status":"closed","template":"","meta":{"footnotes":""},"class_list":["post-1610","page","type-page","status-publish","hentry"],"_links":{"self":[{"href":"https:\/\/autismoge.org\/index.php\/wp-json\/wp\/v2\/pages\/1610","targetHints":{"allow":["GET"]}}],"collection":[{"href":"https:\/\/autismoge.org\/index.php\/wp-json\/wp\/v2\/pages"}],"about":[{"href":"https:\/\/autismoge.org\/index.php\/wp-json\/wp\/v2\/types\/page"}],"author":[{"embeddable":true,"href":"https:\/\/autismoge.org\/index.php\/wp-json\/wp\/v2\/users\/1"}],"replies":[{"embeddable":true,"href":"https:\/\/autismoge.org\/index.php\/wp-json\/wp\/v2\/comments?post=1610"}],"version-history":[{"count":23,"href":"https:\/\/autismoge.org\/index.php\/wp-json\/wp\/v2\/pages\/1610\/revisions"}],"predecessor-version":[{"id":1818,"href":"https:\/\/autismoge.org\/index.php\/wp-json\/wp\/v2\/pages\/1610\/revisions\/1818"}],"wp:attachment":[{"href":"https:\/\/autismoge.org\/index.php\/wp-json\/wp\/v2\/media?parent=1610"}],"curies":[{"name":"wp","href":"https:\/\/api.w.org\/{rel}","templated":true}]}}